{"id":2,"date":"2020-04-17T15:15:24","date_gmt":"2020-04-17T13:15:24","guid":{"rendered":"https:\/\/www.sidetracks.se\/?page_id=2"},"modified":"2023-09-30T00:36:13","modified_gmt":"2023-09-29T22:36:13","slug":"sample-page","status":"publish","type":"page","link":"https:\/\/www.sidetracks.se\/","title":{"rendered":"Om Sidetracks"},"content":{"rendered":"\n<p>F\u00f6retaget har ingen verksamhet f\u00f6r tillf\u00e4llet. <\/p>\n\n\n\n<p><\/p>\n\n\n\n<p>Du kan kontakta mig p\u00e5 <a href=\"mailto:sarah@sidetracks.se\">sarah@sidetracks.se<\/a><\/p>\n\n\n\n<p>Org. nr:  559250-7478  <\/p>\n\n\n\n<p><\/p>\n","protected":false},"excerpt":{"rendered":"<p>F\u00f6retaget har ingen verksamhet f\u00f6r tillf\u00e4llet. Du kan kontakta mig p\u00e5 sarah@sidetracks.se Org. nr: 559250-7478<\/p>\n","protected":false},"author":1,"featured_media":0,"parent":0,"menu_order":0,"comment_status":"closed","ping_status":"closed","template":"template_parts\/page-fullwidth_template.php","meta":{"footnotes":""},"_links":{"self":[{"href":"https:\/\/www.sidetracks.se\/index.php?rest_route=\/wp\/v2\/pages\/2"}],"collection":[{"href":"https:\/\/www.sidetracks.se\/index.php?rest_route=\/wp\/v2\/pages"}],"about":[{"href":"https:\/\/www.sidetracks.se\/index.php?rest_route=\/wp\/v2\/types\/page"}],"author":[{"embeddable":true,"href":"https:\/\/www.sidetracks.se\/index.php?rest_route=\/wp\/v2\/users\/1"}],"replies":[{"embeddable":true,"href":"https:\/\/www.sidetracks.se\/index.php?rest_route=%2Fwp%2Fv2%2Fcomments&post=2"}],"version-history":[{"count":13,"href":"https:\/\/www.sidetracks.se\/index.php?rest_route=\/wp\/v2\/pages\/2\/revisions"}],"predecessor-version":[{"id":162,"href":"https:\/\/www.sidetracks.se\/index.php?rest_route=\/wp\/v2\/pages\/2\/revisions\/162"}],"wp:attachment":[{"href":"https:\/\/www.sidetracks.se\/index.php?rest_route=%2Fwp%2Fv2%2Fmedia&parent=2"}],"curies":[{"name":"wp","href":"https:\/\/api.w.org\/{rel}","templated":true}]}}